{"id":11492,"date":"2017-10-30T12:44:22","date_gmt":"2017-10-30T10:44:22","guid":{"rendered":"https:\/\/www.derheldenberg.atservice\/"},"modified":"2018-05-29T14:48:47","modified_gmt":"2018-05-29T12:48:47","slug":"sluzby","status":"publish","type":"page","link":"https:\/\/www.derheldenberg.at\/cs\/sluzby\/","title":{"rendered":"Slu\u017eby"},"content":{"rendered":"<p><div id=\"besucherinfo-home\" class=\"fusion-container-anchor\"><div class=\"fusion-fullwidth fullwidth-box fusion-builder-row-1 fusion-flex-container nonhundred-percent-fullwidth non-hundred-percent-height-scrolling infobox\" style=\"--awb-border-radius-top-left:0px;--awb-border-radius-top-right:0px;--awb-border-radius-bottom-right:0px;--awb-border-radius-bottom-left:0px;--awb-padding-top:30px;--awb-padding-right:15px;--awb-flex-wrap:wrap;\" ><div class=\"fusion-builder-row fusion-row fusion-flex-align-items-flex-start fusion-flex-content-wrap\" style=\"max-width:1216.8px;margin-left: calc(-4% \/ 2 );margin-right: calc(-4% \/ 2 );\"><div class=\"fusion-layout-column fusion_builder_column fusion-builder-column-0 fusion_builder_column_1_1 1_1 fusion-flex-column\" style=\"--awb-bg-size:cover;--awb-width-large:100%;--awb-margin-top-large:0px;--awb-spacing-right-large:1.92%;--awb-margin-bottom-large:10px;--awb-spacing-left-large:1.92%;--awb-width-medium:100%;--awb-spacing-right-medium:1.92%;--awb-spacing-left-medium:1.92%;--awb-width-small:100%;--awb-spacing-right-small:1.92%;--awb-spacing-left-small:1.92%;\"><div class=\"fusion-column-wrapper fusion-flex-justify-content-flex-start fusion-content-layout-column\"><div class=\"fusion-title title fusion-title-1 fusion-sep-none fusion-title-text fusion-title-size-one main-title\" style=\"--awb-margin-top:10px;--awb-margin-bottom:27px;--awb-margin-top-small:10px;--awb-margin-right-small:0px;--awb-margin-bottom-small:10px;--awb-margin-left-small:0px;--awb-sep-color:#999;\"><h1 class=\"fusion-title-heading title-heading-left fusion-responsive-typography-calculated\" style=\"margin:0;--fontSize:32;line-height:1.1;\">SLU\u017dBY<\/h1><\/div><div class=\"fusion-text fusion-text-1\"><h2>V\u00edtejte ve slu\u017eb\u011b z\u00e1kzn\u00edk\u016fm!<\/h2>\n<p>Zde najdete &#8211; krom\u011b na\u0161\u00ed str\u00e1nky s informacemi pro n\u00e1v\u0161t\u011bvn\u00edky \u2013dal\u0161\u00ed odkazy na na\u0161e nab\u00eddky, akce, tiskov\u00e9 zpr\u00e1vy, atd. V p\u0159\u00edpad\u011b jak\u00fdchkoliv dotaz\u016f n\u00e1s nev\u00e1hejte kontaktovat!<\/p>\n<\/div><\/div><\/div><div class=\"fusion-layout-column fusion_builder_column fusion-builder-column-1 fusion_builder_column_1_2 1_2 fusion-flex-column teaser\" style=\"--awb-bg-size:cover;--awb-width-large:50%;--awb-margin-top-large:0px;--awb-spacing-right-large:3.84%;--awb-margin-bottom-large:20px;--awb-spacing-left-large:3.84%;--awb-width-medium:50%;--awb-spacing-right-medium:3.84%;--awb-spacing-left-medium:3.84%;--awb-width-small:100%;--awb-spacing-right-small:1.92%;--awb-spacing-left-small:1.92%;\"><div class=\"fusion-column-wrapper fusion-flex-justify-content-flex-start fusion-content-layout-column\"><div class=\"fusion-image-element \" style=\"text-align:center;--awb-caption-title-font-family:var(--h2_typography-font-family);--awb-caption-title-font-weight:var(--h2_typography-font-weight);--awb-caption-title-font-style:var(--h2_typography-font-style);--awb-caption-title-size:var(--h2_typography-font-size);--awb-caption-title-transform:var(--h2_typography-text-transform);--awb-caption-title-line-height:var(--h2_typography-line-height);--awb-caption-title-letter-spacing:var(--h2_typography-letter-spacing);\"><span class=\" fusion-imageframe imageframe-none imageframe-1 hover-type-zoomin teaser1-img\"><img decoding=\"async\" width=\"600\" height=\"270\" title=\"Heldenberg Shop\" src=\"https:\/\/www.derheldenberg.at\/wp-content\/uploads\/teaser_shop.jpg\" alt class=\"img-responsive wp-image-12268\" srcset=\"https:\/\/www.derheldenberg.at\/wp-content\/uploads\/teaser_shop-200x90.jpg 200w, https:\/\/www.derheldenberg.at\/wp-content\/uploads\/teaser_shop-400x180.jpg 400w, https:\/\/www.derheldenberg.at\/wp-content\/uploads\/teaser_shop.jpg 600w\" sizes=\"(max-width: 640px) 100vw, 600px\" \/><\/span><\/div><div style=\"text-align:center;\"><a class=\"fusion-button button-flat fusion-button-default-size button-default fusion-button-default button-1 fusion-button-span-yes fusion-button-default-type button2\" target=\"_self\" href=\"https:\/\/www.derheldenberg.at\/cs\/heldenberg-shop\/\"><span class=\"fusion-button-text awb-button__text awb-button__text--default\">Heldenberg Shop<\/span><\/a><\/div><\/div><\/div><div class=\"fusion-layout-column fusion_builder_column fusion-builder-column-2 fusion_builder_column_1_2 1_2 fusion-flex-column teaser\" style=\"--awb-bg-size:cover;--awb-width-large:50%;--awb-margin-top-large:0px;--awb-spacing-right-large:3.84%;--awb-margin-bottom-large:20px;--awb-spacing-left-large:3.84%;--awb-width-medium:50%;--awb-spacing-right-medium:3.84%;--awb-spacing-left-medium:3.84%;--awb-width-small:100%;--awb-spacing-right-small:1.92%;--awb-spacing-left-small:1.92%;\"><div class=\"fusion-column-wrapper fusion-flex-justify-content-flex-start fusion-content-layout-column\"><div class=\"fusion-image-element \" style=\"text-align:center;--awb-caption-title-font-family:var(--h2_typography-font-family);--awb-caption-title-font-weight:var(--h2_typography-font-weight);--awb-caption-title-font-style:var(--h2_typography-font-style);--awb-caption-title-size:var(--h2_typography-font-size);--awb-caption-title-transform:var(--h2_typography-text-transform);--awb-caption-title-line-height:var(--h2_typography-line-height);--awb-caption-title-letter-spacing:var(--h2_typography-letter-spacing);\"><span class=\" fusion-imageframe imageframe-none imageframe-2 hover-type-zoomin teaser1-img\"><img decoding=\"async\" width=\"600\" height=\"270\" title=\"Cafe Heldenberg\" src=\"https:\/\/www.derheldenberg.at\/wp-content\/uploads\/teaser_CafeHeldenberg.jpg\" alt class=\"img-responsive wp-image-12174\" srcset=\"https:\/\/www.derheldenberg.at\/wp-content\/uploads\/teaser_CafeHeldenberg-200x90.jpg 200w, https:\/\/www.derheldenberg.at\/wp-content\/uploads\/teaser_CafeHeldenberg-400x180.jpg 400w, https:\/\/www.derheldenberg.at\/wp-content\/uploads\/teaser_CafeHeldenberg.jpg 600w\" sizes=\"(max-width: 640px) 100vw, 600px\" \/><\/span><\/div><div style=\"text-align:center;\"><a class=\"fusion-button button-flat fusion-button-default-size button-default fusion-button-default button-2 fusion-button-span-yes fusion-button-default-type button2\" target=\"_self\" href=\"https:\/\/www.derheldenberg.at\/cs\/informace-pro-navstevniky\/cafe-heldenberg\/\"><span class=\"fusion-button-text awb-button__text awb-button__text--default\">CAF\u00c9 HELDENBERG<\/span><\/a><\/div><\/div><\/div><div class=\"fusion-layout-column fusion_builder_column fusion-builder-column-3 fusion_builder_column_1_1 1_1 fusion-flex-column\" style=\"--awb-bg-size:cover;--awb-width-large:100%;--awb-margin-top-large:0px;--awb-spacing-right-large:1.92%;--awb-margin-bottom-large:20px;--awb-spacing-left-large:1.92%;--awb-width-medium:100%;--awb-spacing-right-medium:1.92%;--awb-spacing-left-medium:1.92%;--awb-width-small:100%;--awb-spacing-right-small:1.92%;--awb-spacing-left-small:1.92%;\"><div class=\"fusion-column-wrapper fusion-flex-justify-content-flex-start fusion-content-layout-column\"><div class=\"fusion-separator fusion-full-width-sep\" style=\"align-self: center;margin-left: auto;margin-right: auto;margin-top:30px;width:100%;\"><div class=\"fusion-separator-border sep-single sep-solid\" style=\"--awb-height:20px;--awb-amount:20px;border-color:#e0dede;border-top-width:1px;\"><\/div><\/div><\/div><\/div><\/div><\/div><\/div><div id=\"besucherinfo-home\" class=\"fusion-container-anchor\"><div class=\"fusion-fullwidth fullwidth-box fusion-builder-row-2 fusion-flex-container nonhundred-percent-fullwidth non-hundred-percent-height-scrolling infobox\" style=\"--awb-border-radius-top-left:0px;--awb-border-radius-top-right:0px;--awb-border-radius-bottom-right:0px;--awb-border-radius-bottom-left:0px;--awb-padding-top:30px;--awb-padding-right:15px;--awb-padding-bottom:60px;--awb-flex-wrap:wrap;\" ><div class=\"fusion-builder-row fusion-row fusion-flex-align-items-flex-start fusion-flex-content-wrap\" style=\"max-width:1216.8px;margin-left: calc(-4% \/ 2 );margin-right: calc(-4% \/ 2 );\"><div class=\"fusion-layout-column fusion_builder_column fusion-builder-column-4 fusion_builder_column_1_3 1_3 fusion-flex-column teaser\" style=\"--awb-bg-size:cover;--awb-width-large:33.333333333333%;--awb-margin-top-large:0px;--awb-spacing-right-large:5.76%;--awb-margin-bottom-large:20px;--awb-spacing-left-large:5.76%;--awb-width-medium:33.333333333333%;--awb-spacing-right-medium:5.76%;--awb-spacing-left-medium:5.76%;--awb-width-small:100%;--awb-spacing-right-small:1.92%;--awb-spacing-left-small:1.92%;\"><div class=\"fusion-column-wrapper fusion-flex-justify-content-flex-start fusion-content-layout-column\"><div class=\"fusion-image-element \" style=\"text-align:center;--awb-caption-title-font-family:var(--h2_typography-font-family);--awb-caption-title-font-weight:var(--h2_typography-font-weight);--awb-caption-title-font-style:var(--h2_typography-font-style);--awb-caption-title-size:var(--h2_typography-font-size);--awb-caption-title-transform:var(--h2_typography-text-transform);--awb-caption-title-line-height:var(--h2_typography-line-height);--awb-caption-title-letter-spacing:var(--h2_typography-letter-spacing);\"><span class=\" fusion-imageframe imageframe-none imageframe-3 hover-type-none teaser2-img\" style=\"border:1px solid #cccccc;\"><img decoding=\"async\" width=\"700\" height=\"296\" title=\"Veranstaltungen\" src=\"https:\/\/www.derheldenberg.at\/wp-content\/uploads\/teaser_veranstaltungen.png\" alt class=\"img-responsive wp-image-12266\" srcset=\"https:\/\/www.derheldenberg.at\/wp-content\/uploads\/teaser_veranstaltungen-200x85.png 200w, https:\/\/www.derheldenberg.at\/wp-content\/uploads\/teaser_veranstaltungen-400x169.png 400w, https:\/\/www.derheldenberg.at\/wp-content\/uploads\/teaser_veranstaltungen-600x254.png 600w, https:\/\/www.derheldenberg.at\/wp-content\/uploads\/teaser_veranstaltungen.png 700w\" sizes=\"(max-width: 640px) 100vw, 400px\" \/><\/span><\/div><div style=\"text-align:center;\"><a class=\"fusion-button button-flat fusion-button-default-size button-default fusion-button-default button-3 fusion-button-span-yes fusion-button-default-type button2\" target=\"_self\" href=\"https:\/\/www.derheldenberg.at\/events\/\"><span class=\"fusion-button-text awb-button__text awb-button__text--default\">Akce (GER)<\/span><\/a><\/div><\/div><\/div><div class=\"fusion-layout-column fusion_builder_column fusion-builder-column-5 fusion_builder_column_1_3 1_3 fusion-flex-column teaser\" style=\"--awb-bg-size:cover;--awb-width-large:33.333333333333%;--awb-margin-top-large:0px;--awb-spacing-right-large:5.76%;--awb-margin-bottom-large:20px;--awb-spacing-left-large:5.76%;--awb-width-medium:33.333333333333%;--awb-spacing-right-medium:5.76%;--awb-spacing-left-medium:5.76%;--awb-width-small:100%;--awb-spacing-right-small:1.92%;--awb-spacing-left-small:1.92%;\"><div class=\"fusion-column-wrapper fusion-flex-justify-content-flex-start fusion-content-layout-column\"><div class=\"fusion-image-element \" style=\"text-align:center;--awb-caption-title-font-family:var(--h2_typography-font-family);--awb-caption-title-font-weight:var(--h2_typography-font-weight);--awb-caption-title-font-style:var(--h2_typography-font-style);--awb-caption-title-size:var(--h2_typography-font-size);--awb-caption-title-transform:var(--h2_typography-text-transform);--awb-caption-title-line-height:var(--h2_typography-line-height);--awb-caption-title-letter-spacing:var(--h2_typography-letter-spacing);\"><span class=\" fusion-imageframe imageframe-none imageframe-4 hover-type-none teaser2-img\" style=\"border:1px solid #cccccc;\"><img decoding=\"async\" width=\"700\" height=\"296\" title=\"Unsere Partnerbetriebe &#8211; Gastronomie \u2013 Heurige &#8211; N\u00e4chtigung\" src=\"https:\/\/www.derheldenberg.at\/wp-content\/uploads\/teaser_partnerbetriebe.png\" alt class=\"img-responsive wp-image-12230\" srcset=\"https:\/\/www.derheldenberg.at\/wp-content\/uploads\/teaser_partnerbetriebe-200x85.png 200w, https:\/\/www.derheldenberg.at\/wp-content\/uploads\/teaser_partnerbetriebe-400x169.png 400w, https:\/\/www.derheldenberg.at\/wp-content\/uploads\/teaser_partnerbetriebe-600x254.png 600w, https:\/\/www.derheldenberg.at\/wp-content\/uploads\/teaser_partnerbetriebe.png 700w\" sizes=\"(max-width: 640px) 100vw, 400px\" \/><\/span><\/div><div style=\"text-align:center;\"><a class=\"fusion-button button-flat fusion-button-default-size button-default fusion-button-default button-4 fusion-button-span-yes fusion-button-default-type button2\" target=\"_self\" href=\"https:\/\/www.derheldenberg.at\/cs\/partneri\/\"><span class=\"fusion-button-text awb-button__text awb-button__text--default\">Gastronomie &#8211; Ubytov\u00e1n\u00ed<\/span><\/a><\/div><\/div><\/div><div class=\"fusion-layout-column fusion_builder_column fusion-builder-column-6 fusion_builder_column_1_3 1_3 fusion-flex-column teaser\" style=\"--awb-bg-size:cover;--awb-width-large:33.333333333333%;--awb-margin-top-large:0px;--awb-spacing-right-large:5.76%;--awb-margin-bottom-large:20px;--awb-spacing-left-large:5.76%;--awb-width-medium:33.333333333333%;--awb-spacing-right-medium:5.76%;--awb-spacing-left-medium:5.76%;--awb-width-small:100%;--awb-spacing-right-small:1.92%;--awb-spacing-left-small:1.92%;\"><div class=\"fusion-column-wrapper fusion-flex-justify-content-flex-start fusion-content-layout-column\"><div class=\"fusion-image-element \" style=\"text-align:center;--awb-caption-title-font-family:var(--h2_typography-font-family);--awb-caption-title-font-weight:var(--h2_typography-font-weight);--awb-caption-title-font-style:var(--h2_typography-font-style);--awb-caption-title-size:var(--h2_typography-font-size);--awb-caption-title-transform:var(--h2_typography-text-transform);--awb-caption-title-line-height:var(--h2_typography-line-height);--awb-caption-title-letter-spacing:var(--h2_typography-letter-spacing);\"><span class=\" fusion-imageframe imageframe-none imageframe-5 hover-type-none teaser2-img\" style=\"border:1px solid #cccccc;\"><img decoding=\"async\" width=\"700\" height=\"296\" title=\"Bildergalerie\" src=\"https:\/\/www.derheldenberg.at\/wp-content\/uploads\/teaser_bildergalerie.png\" alt class=\"img-responsive wp-image-12260\" srcset=\"https:\/\/www.derheldenberg.at\/wp-content\/uploads\/teaser_bildergalerie-200x85.png 200w, https:\/\/www.derheldenberg.at\/wp-content\/uploads\/teaser_bildergalerie-400x169.png 400w, https:\/\/www.derheldenberg.at\/wp-content\/uploads\/teaser_bildergalerie-600x254.png 600w, https:\/\/www.derheldenberg.at\/wp-content\/uploads\/teaser_bildergalerie.png 700w\" sizes=\"(max-width: 640px) 100vw, 400px\" \/><\/span><\/div><div style=\"text-align:center;\"><a class=\"fusion-button button-flat fusion-button-default-size button-default fusion-button-default button-5 fusion-button-span-yes fusion-button-default-type button2\" target=\"_self\" href=\"https:\/\/www.derheldenberg.at\/cs\/sluzby\/fotogalerie\/\"><span class=\"fusion-button-text awb-button__text awb-button__text--default\">Fotogalerie &#8211; sn\u00edmky<\/span><\/a><\/div><\/div><\/div><div class=\"fusion-layout-column fusion_builder_column fusion-builder-column-7 fusion_builder_column_1_3 1_3 fusion-flex-column teaser\" style=\"--awb-bg-size:cover;--awb-width-large:33.333333333333%;--awb-margin-top-large:0px;--awb-spacing-right-large:5.76%;--awb-margin-bottom-large:20px;--awb-spacing-left-large:5.76%;--awb-width-medium:33.333333333333%;--awb-spacing-right-medium:5.76%;--awb-spacing-left-medium:5.76%;--awb-width-small:100%;--awb-spacing-right-small:1.92%;--awb-spacing-left-small:1.92%;\"><div class=\"fusion-column-wrapper fusion-flex-justify-content-flex-start fusion-content-layout-column\"><div class=\"fusion-image-element \" style=\"text-align:center;--awb-caption-title-font-family:var(--h2_typography-font-family);--awb-caption-title-font-weight:var(--h2_typography-font-weight);--awb-caption-title-font-style:var(--h2_typography-font-style);--awb-caption-title-size:var(--h2_typography-font-size);--awb-caption-title-transform:var(--h2_typography-text-transform);--awb-caption-title-line-height:var(--h2_typography-line-height);--awb-caption-title-letter-spacing:var(--h2_typography-letter-spacing);\"><span class=\" fusion-imageframe imageframe-none imageframe-6 hover-type-none teaser2-img\" style=\"border:1px solid #cccccc;\"><img decoding=\"async\" width=\"700\" height=\"296\" title=\"Besucher-Bewertungen\" src=\"https:\/\/www.derheldenberg.at\/wp-content\/uploads\/teaser_bewertungen.png\" alt class=\"img-responsive wp-image-12226\" srcset=\"https:\/\/www.derheldenberg.at\/wp-content\/uploads\/teaser_bewertungen-200x85.png 200w, https:\/\/www.derheldenberg.at\/wp-content\/uploads\/teaser_bewertungen-400x169.png 400w, https:\/\/www.derheldenberg.at\/wp-content\/uploads\/teaser_bewertungen-600x254.png 600w, https:\/\/www.derheldenberg.at\/wp-content\/uploads\/teaser_bewertungen.png 700w\" sizes=\"(max-width: 640px) 100vw, 400px\" \/><\/span><\/div><div style=\"text-align:center;\"><a class=\"fusion-button button-flat fusion-button-default-size button-default fusion-button-default button-6 fusion-button-span-yes fusion-button-default-type button2\" target=\"_self\" href=\"https:\/\/www.derheldenberg.at\/cs\/nazory-navstevniku-heldenbergu\/\"><span class=\"fusion-button-text awb-button__text awb-button__text--default\">N\u00e1zory n\u00e1v\u0161t\u011bvn\u00edk\u016f<\/span><\/a><\/div><\/div><\/div><div class=\"fusion-layout-column fusion_builder_column fusion-builder-column-8 fusion_builder_column_1_3 1_3 fusion-flex-column teaser\" style=\"--awb-bg-size:cover;--awb-width-large:33.333333333333%;--awb-margin-top-large:0px;--awb-spacing-right-large:5.76%;--awb-margin-bottom-large:20px;--awb-spacing-left-large:5.76%;--awb-width-medium:33.333333333333%;--awb-spacing-right-medium:5.76%;--awb-spacing-left-medium:5.76%;--awb-width-small:100%;--awb-spacing-right-small:1.92%;--awb-spacing-left-small:1.92%;\"><div class=\"fusion-column-wrapper fusion-flex-justify-content-flex-start fusion-content-layout-column\"><div class=\"fusion-image-element \" style=\"text-align:center;--awb-caption-title-font-family:var(--h2_typography-font-family);--awb-caption-title-font-weight:var(--h2_typography-font-weight);--awb-caption-title-font-style:var(--h2_typography-font-style);--awb-caption-title-size:var(--h2_typography-font-size);--awb-caption-title-transform:var(--h2_typography-text-transform);--awb-caption-title-line-height:var(--h2_typography-line-height);--awb-caption-title-letter-spacing:var(--h2_typography-letter-spacing);\"><span class=\" fusion-imageframe imageframe-none imageframe-7 hover-type-none teaser2-img\" style=\"border:1px solid #cccccc;\"><img decoding=\"async\" width=\"700\" height=\"296\" title=\"Kooperationspartner\" src=\"https:\/\/www.derheldenberg.at\/wp-content\/uploads\/teaser_koop-partner.png\" alt class=\"img-responsive wp-image-12262\" srcset=\"https:\/\/www.derheldenberg.at\/wp-content\/uploads\/teaser_koop-partner-200x85.png 200w, https:\/\/www.derheldenberg.at\/wp-content\/uploads\/teaser_koop-partner-400x169.png 400w, https:\/\/www.derheldenberg.at\/wp-content\/uploads\/teaser_koop-partner-600x254.png 600w, https:\/\/www.derheldenberg.at\/wp-content\/uploads\/teaser_koop-partner.png 700w\" sizes=\"(max-width: 640px) 100vw, 400px\" \/><\/span><\/div><div style=\"text-align:center;\"><a class=\"fusion-button button-flat fusion-button-default-size button-default fusion-button-default button-7 fusion-button-span-yes fusion-button-default-type button2\" target=\"_self\" href=\"https:\/\/www.derheldenberg.at\/cs\/partnery-pro-spolupraci\/\"><span class=\"fusion-button-text awb-button__text awb-button__text--default\">Na\u0161i partne\u0159i<\/span><\/a><\/div><\/div><\/div><div class=\"fusion-layout-column fusion_builder_column fusion-builder-column-9 fusion_builder_column_1_3 1_3 fusion-flex-column teaser\" style=\"--awb-bg-size:cover;--awb-width-large:33.333333333333%;--awb-margin-top-large:0px;--awb-spacing-right-large:5.76%;--awb-margin-bottom-large:20px;--awb-spacing-left-large:5.76%;--awb-width-medium:33.333333333333%;--awb-spacing-right-medium:5.76%;--awb-spacing-left-medium:5.76%;--awb-width-small:100%;--awb-spacing-right-small:1.92%;--awb-spacing-left-small:1.92%;\"><div class=\"fusion-column-wrapper fusion-flex-justify-content-flex-start fusion-content-layout-column\"><div class=\"fusion-image-element \" style=\"text-align:center;--awb-caption-title-font-family:var(--h2_typography-font-family);--awb-caption-title-font-weight:var(--h2_typography-font-weight);--awb-caption-title-font-style:var(--h2_typography-font-style);--awb-caption-title-size:var(--h2_typography-font-size);--awb-caption-title-transform:var(--h2_typography-text-transform);--awb-caption-title-line-height:var(--h2_typography-line-height);--awb-caption-title-letter-spacing:var(--h2_typography-letter-spacing);\"><span class=\" fusion-imageframe imageframe-none imageframe-8 hover-type-none teaser2-img\" style=\"border:1px solid #cccccc;\"><img decoding=\"async\" width=\"700\" height=\"296\" title=\"Pressebereich\" src=\"https:\/\/www.derheldenberg.at\/wp-content\/uploads\/teaser_pressebereich.png\" alt class=\"img-responsive wp-image-12264\" srcset=\"https:\/\/www.derheldenberg.at\/wp-content\/uploads\/teaser_pressebereich-200x85.png 200w, https:\/\/www.derheldenberg.at\/wp-content\/uploads\/teaser_pressebereich-400x169.png 400w, https:\/\/www.derheldenberg.at\/wp-content\/uploads\/teaser_pressebereich-600x254.png 600w, https:\/\/www.derheldenberg.at\/wp-content\/uploads\/teaser_pressebereich.png 700w\" sizes=\"(max-width: 640px) 100vw, 400px\" \/><\/span><\/div><div style=\"text-align:center;\"><a class=\"fusion-button button-flat fusion-button-default-size button-default fusion-button-default button-8 fusion-button-span-yes fusion-button-default-type button2\" target=\"_self\" href=\"https:\/\/www.derheldenberg.at\/presseinformationen\/\"><span class=\"fusion-button-text awb-button__text awb-button__text--default\">Pro novin\u00e1\u0159e &#8211; Tiskov\u00e9 zpr\u00e1vy (GER)<\/span><\/a><\/div><\/div><\/div><\/div><\/div><\/div><\/p>","protected":false},"excerpt":{"rendered":"","protected":false},"author":6,"featured_media":0,"parent":0,"menu_order":118,"comment_status":"closed","ping_status":"closed","template":"","meta":{"footnotes":""},"class_list":["post-11492","page","type-page","status-publish","hentry"],"aioseo_notices":[],"_links":{"self":[{"href":"https:\/\/www.derheldenberg.at\/cs\/wp-json\/wp\/v2\/pages\/11492","targetHints":{"allow":["GET"]}}],"collection":[{"href":"https:\/\/www.derheldenberg.at\/cs\/wp-json\/wp\/v2\/pages"}],"about":[{"href":"https:\/\/www.derheldenberg.at\/cs\/wp-json\/wp\/v2\/types\/page"}],"author":[{"embeddable":true,"href":"https:\/\/www.derheldenberg.at\/cs\/wp-json\/wp\/v2\/users\/6"}],"replies":[{"embeddable":true,"href":"https:\/\/www.derheldenberg.at\/cs\/wp-json\/wp\/v2\/comments?post=11492"}],"version-history":[{"count":0,"href":"https:\/\/www.derheldenberg.at\/cs\/wp-json\/wp\/v2\/pages\/11492\/revisions"}],"wp:attachment":[{"href":"https:\/\/www.derheldenberg.at\/cs\/wp-json\/wp\/v2\/media?parent=11492"}],"curies":[{"name":"wp","href":"https:\/\/api.w.org\/{rel}","templated":true}]}}