{"id":11528,"date":"2017-10-23T23:13:34","date_gmt":"2017-10-23T21:13:34","guid":{"rendered":"https:\/\/www.derheldenberg.atpartnerbetriebe\/"},"modified":"2018-03-07T14:28:37","modified_gmt":"2018-03-07T12:28:37","slug":"partneri","status":"publish","type":"page","link":"https:\/\/www.derheldenberg.at\/cs\/partneri\/","title":{"rendered":"PARTNE\u0158I"},"content":{"rendered":"<p><div id=\"besucherinfo-home\" class=\"fusion-container-anchor\"><div class=\"fusion-fullwidth fullwidth-box fusion-builder-row-1 fusion-flex-container nonhundred-percent-fullwidth non-hundred-percent-height-scrolling infobox\" style=\"--awb-border-radius-top-left:0px;--awb-border-radius-top-right:0px;--awb-border-radius-bottom-right:0px;--awb-border-radius-bottom-left:0px;--awb-flex-wrap:wrap;\" ><div class=\"fusion-builder-row fusion-row fusion-flex-align-items-flex-start fusion-flex-content-wrap\" style=\"max-width:calc( 1170px + 0px );margin-left: calc(-0px \/ 2 );margin-right: calc(-0px \/ 2 );\"><div class=\"fusion-layout-column fusion_builder_column fusion-builder-column-0 fusion_builder_column_1_1 1_1 fusion-flex-column\" style=\"--awb-bg-size:cover;--awb-width-large:100%;--awb-margin-top-large:20px;--awb-spacing-right-large:0px;--awb-margin-bottom-large:25px;--awb-spacing-left-large:0px;--awb-width-medium:100%;--awb-spacing-right-medium:0px;--awb-spacing-left-medium:0px;--awb-width-small:100%;--awb-spacing-right-small:0px;--awb-spacing-left-small:0px;\"><div class=\"fusion-column-wrapper fusion-flex-justify-content-flex-start fusion-content-layout-column\"><div class=\"fusion-title title fusion-title-1 fusion-sep-none fusion-title-center fusion-title-text fusion-title-size-one\" style=\"--awb-margin-top:40px;--awb-margin-bottom:30px;--awb-margin-top-small:10px;--awb-margin-right-small:0px;--awb-margin-bottom-small:10px;--awb-margin-left-small:0px;--awb-sep-color:#999;\"><h1 class=\"fusion-title-heading title-heading-center fusion-responsive-typography-calculated\" style=\"margin:0;--fontSize:32;line-height:1.1;\"><p style=\"text-align: left;\">PARTNE\u0158I<\/p><\/h1><\/div><div class=\"fusion-title title fusion-title-2 fusion-sep-none fusion-title-text fusion-title-size-two\" style=\"--awb-margin-top:20px;--awb-margin-bottom:20px;--awb-margin-top-small:10px;--awb-margin-right-small:0px;--awb-margin-bottom-small:10px;--awb-margin-left-small:0px;\"><h2 class=\"fusion-title-heading title-heading-left fusion-responsive-typography-calculated\" style=\"margin:0;--fontSize:28;line-height:1.2;\">U\u017eijte si v\u00e1\u0161 v\u00fdlet<\/h2><\/div><div class=\"fusion-text fusion-text-1\"><p>Host\u00e9 si u n\u00e1s mohou napl\u00e1novat pobyt a vychutnat si skv\u011blou kuchyni v n\u011bkter\u00e9m z gastronomick\u00fdch za\u0159\u00edzen\u00ed, ochutnat sklenku v\u00edna v na\u0161em skl\u00edpku nebo u vina\u0159\u016f. N\u00e1\u0161 are\u00e1l se nach\u00e1z\u00ed v z\u00e1padn\u00ed \u010d\u00e1sti Vinn\u00e9 \u010dtvrti a spolu s oblast\u00ed Schmidatal &#8211; okol\u00ed Heldenbergu &#8211; nab\u00edz\u00ed region\u00e1ln\u00ed speciality, skv\u011bl\u00e1 v\u00edna a mo\u017enosti ubytov\u00e1n\u00ed.<\/p>\n<p><strong>Na\u0161i partne\u0159i se t\u011b\u0161\u00ed na va\u0161i n\u00e1v\u0161t\u011bvu!<\/strong><\/p>\n<\/div><\/div><\/div><div class=\"fusion-layout-column fusion_builder_column fusion-builder-column-1 fusion_builder_column_1_1 1_1 fusion-flex-column\" style=\"--awb-bg-size:cover;--awb-width-large:100%;--awb-margin-top-large:0px;--awb-spacing-right-large:0px;--awb-margin-bottom-large:20px;--awb-spacing-left-large:0px;--awb-width-medium:100%;--awb-spacing-right-medium:0px;--awb-spacing-left-medium:0px;--awb-width-small:100%;--awb-spacing-right-small:0px;--awb-spacing-left-small:0px;\"><div class=\"fusion-column-wrapper fusion-flex-justify-content-flex-start fusion-content-layout-column\"><div class=\"fusion-tabs fusion-tabs-1 classic nav-is-justified horizontal-tabs icon-position-left mobile-mode-accordion\" style=\"--awb-title-border-radius-top-left:0px;--awb-title-border-radius-top-right:0px;--awb-title-border-radius-bottom-right:0px;--awb-title-border-radius-bottom-left:0px;--awb-inactive-color:#ebeaea;--awb-background-color:#ffffff;--awb-border-color:#ebeaea;--awb-active-border-color:#b11715;\"><div class=\"nav\"><ul class=\"nav-tabs nav-justified\" role=\"tablist\"><li class=\"active\" role=\"presentation\"><a class=\"tab-link\" data-toggle=\"tab\" role=\"tab\" aria-controls=\"tab-007c64dda06199a6c96\" aria-selected=\"true\" id=\"fusion-tab-gastronomie\" href=\"#tab-007c64dda06199a6c96\"><h4 class=\"fusion-tab-heading\"><i class=\"fontawesome-icon fa fa-cutlery\" aria-hidden=\"true\" style=\"font-size:13px;\"><\/i>Gastronomie<\/h4><\/a><\/li><li role=\"presentation\"><a class=\"tab-link\" data-toggle=\"tab\" role=\"tab\" aria-controls=\"tab-b15f400d8d0bb258380\" aria-selected=\"false\" tabindex=\"-1\" id=\"fusion-tab-vin\u00e1rny\/vinn\u00e9skl\u00edpky\" href=\"#tab-b15f400d8d0bb258380\"><h4 class=\"fusion-tab-heading\"><i class=\"fontawesome-icon fa fa-glass\" aria-hidden=\"true\" style=\"font-size:13px;\"><\/i>Vin\u00e1rny \/ vinn\u00e9 skl\u00edpky<\/h4><\/a><\/li><li role=\"presentation\"><a class=\"tab-link\" data-toggle=\"tab\" role=\"tab\" aria-controls=\"tab-2a174868733b909fa38\" aria-selected=\"false\" tabindex=\"-1\" id=\"fusion-tab-ubytov\u00e1n\u00ed\" href=\"#tab-2a174868733b909fa38\"><h4 class=\"fusion-tab-heading\"><i class=\"fontawesome-icon fa fa-bed\" aria-hidden=\"true\" style=\"font-size:13px;\"><\/i>Ubytov\u00e1n\u00ed<\/h4><\/a><\/li><\/ul><\/div><div class=\"tab-content\"><div class=\"nav fusion-mobile-tab-nav\"><ul class=\"nav-tabs nav-justified\" role=\"tablist\"><li class=\"active\" role=\"presentation\"><a class=\"tab-link\" data-toggle=\"tab\" role=\"tab\" aria-controls=\"tab-007c64dda06199a6c96\" aria-selected=\"true\" id=\"mobile-fusion-tab-gastronomie\" href=\"#tab-007c64dda06199a6c96\"><h4 class=\"fusion-tab-heading\"><i class=\"fontawesome-icon fa fa-cutlery\" aria-hidden=\"true\" style=\"font-size:13px;\"><\/i>Gastronomie<\/h4><\/a><\/li><\/ul><\/div><div class=\"tab-pane fade fusion-clearfix in active\" role=\"tabpanel\" tabindex=\"0\" aria-labelledby=\"fusion-tab-gastronomie\" id=\"tab-007c64dda06199a6c96\">\n<h3 style=\"padding: 10px 0;\">Stravovac\u00ed za\u0159\u00edzen\u00ed v okol\u00ed Heldenbergu<\/h3>\n<p><strong>Weinlandhof Baier<\/strong><br \/>\n3710 Ziersdorf, Horner Stra\u00dfe 33<br \/>\nTel.: +43\/2956\/3180<br \/>\n<a href=\"https:\/\/www.weinlandhof-baier.com\" target=\"_blank\" rel=\"noopener\">https:\/\/www.weinlandhof-baier.com<\/a><\/p>\n<p><strong>Konzerthaus-Caf\u00e9<\/strong><br \/>\nGattinger\u2019s Catering Service<br \/>\n3710 Ziersdorf, Horner Stra\u00dfe 7<br \/>\n<a href=\"https:\/\/www.konzerthaus-weinviertel.at\" target=\"_blank\" rel=\"noopener\">https:\/\/www.konzerthaus-weinviertel.at<\/a><\/p>\n<p><strong>Trixi\u2019s Ravelsbacherhof<\/strong><br \/>\n3720 Gaindorf 63<br \/>\nTel.: +43\/2958\/82450<br \/>\n<a href=\"https:\/\/www.ravelsbacherhof.at\" target=\"_blank\" rel=\"noopener\">https:\/\/www.ravelsbacherhof.at<\/a><\/p>\n<p><strong>Gasthaus Stefanshof<\/strong><br \/>\n3710 Ziersdorf, Retzer Stra\u00dfe 29a<br \/>\nTel.: +43\/2956\/81064<br \/>\n<a href=\"https:\/\/www.gasthaus-stefanshof.at\" target=\"_blank\" rel=\"noopener\">https:\/\/www.gasthaus-stefanshof.at<\/a><\/p>\n<p><strong>Gasthaus Theurer<\/strong><br \/>\n3704 Glaubendorf, Schlossallee 85<br \/>\nTel.: +43\/2956\/2284<\/p>\n<p><strong>Gasthof Pelzer-Altinger<\/strong><br \/>\n3714 Sitzendorf, Klosterplatz 4<br \/>\nTel.: +43\/2959\/2200<\/p>\n<p><strong>Florianihof Walzer<\/strong><br \/>\n3711 Gro\u00dfmeiseldorf, Florianigasse 2<br \/>\nTel.: +43\/2956\/2535<br \/>\n<a href=\"https:\/\/www.florianihof-walzer.at\" target=\"_blank\" rel=\"noopener\">https:\/\/www.florianihof-walzer.at<\/a><\/div><div class=\"nav fusion-mobile-tab-nav\"><ul class=\"nav-tabs nav-justified\" role=\"tablist\"><li role=\"presentation\"><a class=\"tab-link\" data-toggle=\"tab\" role=\"tab\" aria-controls=\"tab-b15f400d8d0bb258380\" aria-selected=\"false\" tabindex=\"-1\" id=\"mobile-fusion-tab-vin\u00e1rny\/vinn\u00e9skl\u00edpky\" href=\"#tab-b15f400d8d0bb258380\"><h4 class=\"fusion-tab-heading\"><i class=\"fontawesome-icon fa fa-glass\" aria-hidden=\"true\" style=\"font-size:13px;\"><\/i>Vin\u00e1rny \/ vinn\u00e9 skl\u00edpky<\/h4><\/a><\/li><\/ul><\/div><div class=\"tab-pane fade fusion-clearfix\" role=\"tabpanel\" tabindex=\"0\" aria-labelledby=\"fusion-tab-vin\u00e1rny\/vinn\u00e9skl\u00edpky\" id=\"tab-b15f400d8d0bb258380\">\n<h3 style=\"padding: 10px 0;\">Vin\u00e1rny a vinn\u00e9 sklepy v okol\u00ed<\/h3>\n<p><strong>Weingut und Buschenschank Kugler<\/strong><br \/>\n3720 Gaindorf 30<br \/>\nTel.: +43\/664\/4714050<br \/>\n<a href=\"https:\/\/www.weingut-kugler.at\" target=\"_blank\" rel=\"noopener\">https:\/\/www.weingut-kugler.at<\/a><\/p>\n<p><strong>Heuriger Veigelberger<\/strong><br \/>\n3720 Ravelsbach, Hauptstra\u00dfe 8<br \/>\nTel.: +43\/2958\/82461<br \/>\n<a href=\"https:\/\/www.weingut-hoeller.at\" target=\"_blank\" rel=\"noopener\">https:\/\/www.weingut-hoeller.at<\/a><\/p>\n<p><strong>Buschenschank Familie Panholzer<\/strong><br \/>\n3711 Gro\u00dfmeiseldorf, Dorfstra\u00dfe 33<br \/>\nTel.: +43\/2956\/3438<br \/>\n<a href=\"https:\/\/www.grossmeiseldorf.at\/panholzer.htm\" target=\"_blank\" rel=\"noopener\">https:\/\/www.grossmeiseldorf.at\/panholzer.htm<\/a><\/p>\n<p><strong>Weinbau Katzler<\/strong><br \/>\n3710 Ziersdorf, Hollabrunnerstra\u00dfe 17<br \/>\nTel.: +43\/2956\/2667<br \/>\n<a href=\"https:\/\/www.weinbau-katzler.at\" target=\"_blank\" rel=\"noopener\">https:\/\/www.weinbau-katzler.at<\/a><\/p>\n<p><strong>Buschenschank Altenburger<\/strong><br \/>\n3714 Braunsdorf 9<br \/>\nTel.: +43\/2959\/2638<br \/>\n<a href=\"https:\/\/www.altenburger-braunsdorf.info\" target=\"_blank\" rel=\"noopener\">https:\/\/www.altenburger-braunsdorf.info<\/a><\/p>\n<p><strong>Familie Greilinger<\/strong><br \/>\n3710 Ziersdorf, Horner Stra\u00dfe 32<br \/>\nTel.: +43\/2956\/2471<\/p>\n<p><strong>Familie Gleixner Manfred<\/strong><br \/>\n3710 Radlbrunn 94<br \/>\nTel.: +43\/699\/11502978<\/p>\n<p><strong>Winzerhof Gnadenberger<\/strong><br \/>\n3710 Radlbrunn 15<br \/>\nTel.: +43\/699\/11501086<\/p>\n<p><strong>Zwimandlk\u00f6lla \u2013 Familie Eberhart<br \/>\n<\/strong>3710 Frauendorf a.d. Schmida 93<br \/>\nTel.: 0664\/592 97 88<br \/>\ninfo@zwimandlkoella.at<br \/>\n<a href=\"https:\/\/www.zwimandlkoella.at\/\">www.zwimandlkoella.at<\/a><\/p>\n<p><strong>Stopfer Keller<\/strong><br \/>\n3720 Minichhofen 7<br \/>\nTel.: +43\/2958\/82798<br \/>\n<a href=\"https:\/\/www.weingut-stopfer.at\" target=\"_blank\" rel=\"noopener\">https:\/\/www.weingut-stopfer.at<\/a><\/p>\n<p><strong>Heurigenschank Maurer-Wagner<\/strong><br \/>\n3714 Niederschleinz<br \/>\nTel.: +43\/2984\/3769<\/p>\n<p><strong>Heuriger K\u00fchrer Gerhard<\/strong><br \/>\n3714 Goggendorf 79<br \/>\nTel.: +43\/2959\/2382<\/div><div class=\"nav fusion-mobile-tab-nav\"><ul class=\"nav-tabs nav-justified\" role=\"tablist\"><li role=\"presentation\"><a class=\"tab-link\" data-toggle=\"tab\" role=\"tab\" aria-controls=\"tab-2a174868733b909fa38\" aria-selected=\"false\" tabindex=\"-1\" id=\"mobile-fusion-tab-ubytov\u00e1n\u00ed\" href=\"#tab-2a174868733b909fa38\"><h4 class=\"fusion-tab-heading\"><i class=\"fontawesome-icon fa fa-bed\" aria-hidden=\"true\" style=\"font-size:13px;\"><\/i>Ubytov\u00e1n\u00ed<\/h4><\/a><\/li><\/ul><\/div><div class=\"tab-pane fade fusion-clearfix\" role=\"tabpanel\" tabindex=\"0\" aria-labelledby=\"fusion-tab-ubytov\u00e1n\u00ed\" id=\"tab-2a174868733b909fa38\">\n<h3 style=\"padding: 10px 0;\">Turistick\u00e9 ubytovny v okol\u00ed<\/h3>\n<p><strong>Weingut und G\u00e4stezimmer Martin Obenaus<\/strong><br \/>\nLange Zeile 24<br \/>\n3704\u00a0 Glaubendorf<br \/>\nTel. +43 664 249 07 42<br \/>\n<a href=\"mailto:office@weingut-obenaus.at\">office@weingut-obenaus.at<\/a><br \/>\n<a href=\"https:\/\/www.weingut-obenaus.at\">www.weingut-obenaus.at<\/a><\/p>\n<p><strong>Ferienwohnung in der Knell-M\u00fchle<\/strong><br \/>\n3714 Niederschleinz, M\u00fchlgasse 43<br \/>\nTel.: +43\/664\/4520095<\/p>\n<p><strong>Erlebnishof-Huber<\/strong><br \/>\n3701 Heldenberg,\u00a0Unterthern 9<br \/>\nTel.&#038;Fax: +43\/2955\/7336<br \/>\nE-Mail: <a href=\"mailto:erlebnishofhuber@gmail.com\">erlebnishofhuber@gmail.com<\/a><br \/>\n<a href=\"https:\/\/www.tiscover.at\/erlebnishof-huber\" target=\"_blank\" rel=\"noopener\">https:\/\/<\/a><a href=\"https:\/\/www.urlaubambauernhof.at\/erlebnishof-huber\">www.urlaubambauernhof.at\/erlebnishof-huber<\/a><\/p>\n<p><strong>Hoglhof Familie Svejda<\/strong><br \/>\n3720 Gaindorf 25<br \/>\nTel.: +43\/2958\/84682<br \/>\n<a href=\"https:\/\/www.tiscover.at\/hoglhof\" target=\"_blank\" rel=\"noopener\">https:\/\/www.tiscover.at\/hoglhof<br \/>\n<\/a><br \/>\n<strong>Winzerhof Englmayer<\/strong><br \/>\n3710 Rohrbach, Kirchenplatz 2<br \/>\nTel.: +43\/2956\/2483<br \/>\n<a href=\"https:\/\/www.winzerhof-englmayer.at\" target=\"_blank\" rel=\"noopener\">https:\/\/www.winzerhof-englmayer.at<\/a><\/p>\n<p><strong>Weingut W\u00f6ber<\/strong><br \/>\n3714 Sitzendorf\/Schmida, Neustift 30<br \/>\nTel.: +43\/2959\/2255<br \/>\n<a href=\"https:\/\/www.woeberwein.at\" target=\"_blank\" rel=\"noopener\">https:\/\/www.woeberwein.at<\/a><\/p>\n<p><strong>G\u00e4stezimmer Familie Stopfer<\/strong><br \/>\n3720 Minichhofen 7<br \/>\nTel.: +43\/2958\/82798<br \/>\n<a href=\"https:\/\/www.weingut-stopfer.at\" target=\"_blank\" rel=\"noopener\">https:\/\/www.weingut-stopfer.at<\/a><\/p>\n<p><strong>Winzerhof Greil<\/strong><br \/>\n3710 Frauendorf a.d. Schmida 42<br \/>\nTel.: +43\/2959\/2279<br \/>\n<a href=\"https:\/\/www.frauendorf.at\/greil\" target=\"_blank\" rel=\"noopener\">https:\/\/www.frauendorf.at\/greil<\/a><\/p>\n<p><strong>Weinhof Uibel<\/strong><br \/>\n3710 Ziersdorf, Hollabrunner Stra\u00dfe 10<br \/>\nTel.: +43\/2956\/2278<br \/>\n<a href=\"https:\/\/www.uibel.at\" target=\"_blank\" rel=\"noopener\">https:\/\/www.uibel.at<\/a><\/p>\n<p><strong>Kellergassen-Ferienwohnung Wimmer<\/strong><br \/>\n3710 Frauendorf a.d. Schmida 20<br \/>\nTel.: +43\/2959\/2850<br \/>\n<a href=\"https:\/\/www.wein-wimmer.at\" target=\"_blank\" rel=\"noopener\">https:\/\/www.wein-wimmer.at<\/a><\/div><\/div><\/div><\/div><\/div><\/div><\/div><\/div><div class=\"fusion-fullwidth fullwidth-box fusion-builder-row-2 fusion-flex-container nonhundred-percent-fullwidth non-hundred-percent-height-scrolling socialshare-center\" style=\"--awb-border-radius-top-left:0px;--awb-border-radius-top-right:0px;--awb-border-radius-bottom-right:0px;--awb-border-radius-bottom-left:0px;--awb-flex-wrap:wrap;\" ><div class=\"fusion-builder-row fusion-row fusion-flex-align-items-flex-start fusion-flex-content-wrap\" style=\"max-width:calc( 1170px + 0px );margin-left: calc(-0px \/ 2 );margin-right: calc(-0px \/ 2 );\"><div class=\"fusion-layout-column fusion_builder_column fusion-builder-column-2 fusion_builder_column_1_1 1_1 fusion-flex-column\" style=\"--awb-bg-size:cover;--awb-width-large:100%;--awb-margin-top-large:0px;--awb-spacing-right-large:0px;--awb-margin-bottom-large:20px;--awb-spacing-left-large:0px;--awb-width-medium:100%;--awb-spacing-right-medium:0px;--awb-spacing-left-medium:0px;--awb-width-small:100%;--awb-spacing-right-small:0px;--awb-spacing-left-small:0px;\"><div class=\"fusion-column-wrapper fusion-flex-justify-content-flex-start fusion-content-layout-column\"><div class=\"fusion-text fusion-text-2\"><div class=\"fusion-separator fusion-full-width-sep\" style=\"align-self: center;margin-left: auto;margin-right: auto;width:100%;\"><\/div>\n<\/div><\/div><\/div><\/div><\/div><\/p>","protected":false},"excerpt":{"rendered":"","protected":false},"author":6,"featured_media":0,"parent":0,"menu_order":152,"comment_status":"closed","ping_status":"closed","template":"100-width.php","meta":{"footnotes":""},"class_list":["post-11528","page","type-page","status-publish","hentry"],"aioseo_notices":[],"_links":{"self":[{"href":"https:\/\/www.derheldenberg.at\/cs\/wp-json\/wp\/v2\/pages\/11528","targetHints":{"allow":["GET"]}}],"collection":[{"href":"https:\/\/www.derheldenberg.at\/cs\/wp-json\/wp\/v2\/pages"}],"about":[{"href":"https:\/\/www.derheldenberg.at\/cs\/wp-json\/wp\/v2\/types\/page"}],"author":[{"embeddable":true,"href":"https:\/\/www.derheldenberg.at\/cs\/wp-json\/wp\/v2\/users\/6"}],"replies":[{"embeddable":true,"href":"https:\/\/www.derheldenberg.at\/cs\/wp-json\/wp\/v2\/comments?post=11528"}],"version-history":[{"count":0,"href":"https:\/\/www.derheldenberg.at\/cs\/wp-json\/wp\/v2\/pages\/11528\/revisions"}],"wp:attachment":[{"href":"https:\/\/www.derheldenberg.at\/cs\/wp-json\/wp\/v2\/media?parent=11528"}],"curies":[{"name":"wp","href":"https:\/\/api.w.org\/{rel}","templated":true}]}}