{"id":18188,"date":"2017-10-30T14:50:30","date_gmt":"2017-10-30T12:50:30","guid":{"rendered":"https:\/\/www.derheldenberg.at\/informace-pro-navstevniky\/nabidka-pro-skoly-a-mladez\/aigners-falkenhof-greifvogelpark\/"},"modified":"2026-04-21T07:31:32","modified_gmt":"2026-04-21T05:31:32","slug":"aigners-falkenhof-greifvogelpark","status":"publish","type":"page","link":"https:\/\/www.derheldenberg.at\/cs\/informace-pro-navstevniky\/nabidka-pro-skoly-a-mladez\/aigners-falkenhof-greifvogelpark\/","title":{"rendered":"Aigner\u2019s Falkenhof Greifvogelpark"},"content":{"rendered":"<p><div class=\"fusion-fullwidth fullwidth-box fusion-builder-row-1 fusion-flex-container nonhundred-percent-fullwidth non-hundred-percent-height-scrolling aktuellbox\" style=\"--awb-border-radius-top-left:0px;--awb-border-radius-top-right:0px;--awb-border-radius-bottom-right:0px;--awb-border-radius-bottom-left:0px;--awb-flex-wrap:wrap;\" ><div class=\"fusion-builder-row fusion-row fusion-flex-align-items-flex-start fusion-flex-content-wrap\" style=\"max-width:1216.8px;margin-left: calc(-4% \/ 2 );margin-right: calc(-4% \/ 2 );\"><div class=\"fusion-layout-column fusion_builder_column fusion-builder-column-0 fusion_builder_column_1_1 1_1 fusion-flex-column\" style=\"--awb-bg-size:cover;--awb-width-large:100%;--awb-margin-top-large:0px;--awb-spacing-right-large:1.92%;--awb-margin-bottom-large:10px;--awb-spacing-left-large:1.92%;--awb-width-medium:100%;--awb-order-medium:0;--awb-spacing-right-medium:1.92%;--awb-spacing-left-medium:1.92%;--awb-width-small:100%;--awb-order-small:0;--awb-spacing-right-small:1.92%;--awb-spacing-left-small:1.92%;\"><div class=\"fusion-column-wrapper fusion-column-has-shadow fusion-flex-justify-content-flex-start fusion-content-layout-column\"><div class=\"fusion-title title fusion-title-1 fusion-sep-none fusion-title-text fusion-title-size-one\" style=\"--awb-margin-top:40px;--awb-margin-bottom:20px;--awb-margin-top-small:10px;--awb-margin-right-small:0px;--awb-margin-bottom-small:10px;--awb-margin-left-small:0px;--awb-sep-color:#999;\"><h1 class=\"fusion-title-heading title-heading-left fusion-responsive-typography-calculated\" style=\"margin:0;--fontSize:32;line-height:1.1;\"><p style=\"text-transform: uppercase; text-align: left;\">Schul-\/JugendAngebot &#8211; Aigner\u2019s Falkenhof<\/p><\/h1><\/div><div class=\"fusion-image-element \" style=\"--awb-caption-title-font-family:var(--h2_typography-font-family);--awb-caption-title-font-weight:var(--h2_typography-font-weight);--awb-caption-title-font-style:var(--h2_typography-font-style);--awb-caption-title-size:var(--h2_typography-font-size);--awb-caption-title-transform:var(--h2_typography-text-transform);--awb-caption-title-line-height:var(--h2_typography-line-height);--awb-caption-title-letter-spacing:var(--h2_typography-letter-spacing);\"><span class=\" fusion-imageframe imageframe-none imageframe-1 hover-type-none img-gruppenangebote\"><img decoding=\"async\" width=\"1680\" height=\"420\" title=\"Schulangebot Falkenhof\" src=\"https:\/\/www.derheldenberg.at\/wp-content\/uploads\/schulprogramm_falkenhof.jpg\" alt class=\"img-responsive wp-image-12294\" srcset=\"https:\/\/www.derheldenberg.at\/wp-content\/uploads\/schulprogramm_falkenhof-200x50.jpg 200w, https:\/\/www.derheldenberg.at\/wp-content\/uploads\/schulprogramm_falkenhof-400x100.jpg 400w, https:\/\/www.derheldenberg.at\/wp-content\/uploads\/schulprogramm_falkenhof-600x150.jpg 600w, https:\/\/www.derheldenberg.at\/wp-content\/uploads\/schulprogramm_falkenhof-800x200.jpg 800w, https:\/\/www.derheldenberg.at\/wp-content\/uploads\/schulprogramm_falkenhof-1200x300.jpg 1200w, https:\/\/www.derheldenberg.at\/wp-content\/uploads\/schulprogramm_falkenhof.jpg 1680w\" sizes=\"(max-width: 640px) 100vw, 1200px\" \/><\/span><\/div><div class=\"fusion-title title fusion-title-2 fusion-sep-none fusion-title-text fusion-title-size-two\" style=\"--awb-margin-top:20px;--awb-margin-bottom:15px;--awb-margin-top-small:10px;--awb-margin-right-small:0px;--awb-margin-bottom-small:10px;--awb-margin-left-small:0px;--awb-sep-color:#999;\"><h2 class=\"fusion-title-heading title-heading-left fusion-responsive-typography-calculated\" style=\"margin:0;--fontSize:28;line-height:1.2;\"><\/h2><\/div><div class=\"fusion-text fusion-text-1\"><p>Neben dem neolithischen Dorf befindet sich der Aigner\u2019s Falkenhof, wo die K\u00f6nige der L\u00fcfte beheimatet sind. Ein Rundgang durch die Anlage zeigt eine Vielzahl an heimischen Greifv\u00f6geln in ihren artgerechten Volieren. Die Raubv\u00f6gel sind bei den t\u00e4glichen Flugvorf\u00fchrungen ein besonderes Erlebnis, da die Besucher Wissenswertes \u00fcber die Vorkommen, den Lebensraum, die Jagdm\u00f6glichkeiten und das Beutespektrum der Raubv\u00f6gel erfahren.<\/p>\n<ul>\n<li>Besichtigung der Greifvogelstation und der Volieren, in einem abgegrenztem Bereich im Neolithischen Dorf<\/li>\n<li>Einf\u00fchrung in die Greifvogelkunde<\/li>\n<li>Heimische V\u00f6gel wie Falke, Habicht, Bussard und viele andere<\/li>\n<li>Als Abschluss noch Spiel und Spa\u00df f\u00fcr die ganze Klasse mit dem Heldenberg-Spiel<\/li>\n<\/ul>\n<\/div><div class=\"fusion-separator fusion-full-width-sep\" style=\"align-self: center;margin-left: auto;margin-right: auto;margin-top:10px;width:100%;\"><\/div><\/div><\/div><div class=\"fusion-layout-column fusion_builder_column fusion-builder-column-1 fusion_builder_column_1_1 1_1 fusion-flex-column\" style=\"--awb-bg-size:cover;--awb-width-large:100%;--awb-margin-top-large:0px;--awb-spacing-right-large:1.92%;--awb-margin-bottom-large:0px;--awb-spacing-left-large:1.92%;--awb-width-medium:100%;--awb-spacing-right-medium:1.92%;--awb-spacing-left-medium:1.92%;--awb-width-small:100%;--awb-spacing-right-small:1.92%;--awb-spacing-left-small:1.92%;\"><div class=\"fusion-column-wrapper fusion-flex-justify-content-flex-start fusion-content-layout-column\"><div class=\"fusion-reading-box-container reading-box-container-1 pricebox\" style=\"--awb-title-color:#b11715;--awb-margin-top:0px;--awb-margin-bottom:30px;\"><div class=\"reading-box\" style=\"background-color:#f3f4f4;border-width:0px;border-color:#b11715;border-left-width:3px;border-left-color:var(--primary_color);border-style:solid;\"><div class=\"reading-box-additional\">\n<h3>PREISE<\/h3>\n<p>Gruppentarif: \u20ac 5,50 \/ Sch\u00fclerIn<\/p>\n<p><strong>Dienstag bis Freitag buchbar!<\/strong><\/p>\n<p><a href=\"https:\/\/www.derheldenberg.at\/wp-content\/uploads\/Auftrags-und-Stornobedingungen-2026.pdf\">Stornobedingungen (PDF-Download)<\/a><\/p>\n<hr \/>\n<h4 class=\"title-heading-left\" data-fontsize=\"16\" data-lineheight=\"24\">Optionales Zusatzangebot<\/h4>\n<p><strong>F\u00fchrung durch die Greifvogelstation<\/strong><br \/>\nEinf\u00fchrung in die Greifvogelkunde, Heimische V\u00f6gel wie Falke, Habicht, Bussard uva.<br \/>\nDauer ca. 45 Min.<br \/>\n<strong>Aufpreis \u20ac 3,00 pro Sch\u00fclerIn; F\u00fchrungen ab 20 Sch\u00fcler m\u00f6glich<br \/>\n<\/strong><\/p>\n<p><strong>Flugvorf\u00fchrung Aigner\u2019s Falkenhof<\/strong><br \/>\nTrainingsfl\u00fcge der Greifv\u00f6gel auf Beuteattrappen, Faustappelle uvm.<br \/>\nDauer ca. 45 Min.<br \/>\n<strong>Aufpreis \u20ac 4,50 pro Sch\u00fclerIn<\/strong><\/p>\n<p>Flugschau au\u00dferhalb der vorgegebenen Termine f\u00fcr\u00a0 Gruppen ab 20 Sch\u00fclern nach Terminvereinbarung m\u00f6glich.<\/p>\n<p><strong>Preise g\u00fcltig bis Saisonende 2026!<\/strong><\/p>\n<\/div><div class=\"fusion-clearfix\"><\/div><\/div><\/div><\/div><\/div><\/div><\/div><div class=\"fusion-fullwidth fullwidth-box fusion-builder-row-2 fusion-flex-container nonhundred-percent-fullwidth non-hundred-percent-height-scrolling\" style=\"--awb-border-radius-top-left:0px;--awb-border-radius-top-right:0px;--awb-border-radius-bottom-right:0px;--awb-border-radius-bottom-left:0px;--awb-flex-wrap:wrap;\" ><div class=\"fusion-builder-row fusion-row fusion-flex-align-items-flex-start fusion-flex-content-wrap\" style=\"max-width:1216.8px;margin-left: calc(-4% \/ 2 );margin-right: calc(-4% \/ 2 );\"><div class=\"fusion-layout-column fusion_builder_column fusion-builder-column-2 fusion_builder_column_1_1 1_1 fusion-flex-column\" style=\"--awb-bg-size:cover;--awb-width-large:100%;--awb-margin-top-large:0px;--awb-spacing-right-large:1.92%;--awb-margin-bottom-large:20px;--awb-spacing-left-large:1.92%;--awb-width-medium:100%;--awb-spacing-right-medium:1.92%;--awb-spacing-left-medium:1.92%;--awb-width-small:100%;--awb-spacing-right-small:1.92%;--awb-spacing-left-small:1.92%;\"><div class=\"fusion-column-wrapper fusion-flex-justify-content-flex-start fusion-content-layout-column\"><div class=\"fusion-text fusion-text-2\"><div class=\"fusion-separator fusion-full-width-sep\" style=\"align-self: center;margin-left: auto;margin-right: auto;width:100%;\"><\/div>\n<\/div><\/div><\/div><\/div><\/div><\/p>","protected":false},"excerpt":{"rendered":"","protected":false},"author":6,"featured_media":0,"parent":11451,"menu_order":0,"comment_status":"closed","ping_status":"closed","template":"","meta":{"footnotes":""},"class_list":["post-18188","page","type-page","status-publish","hentry"],"aioseo_notices":[],"_links":{"self":[{"href":"https:\/\/www.derheldenberg.at\/cs\/wp-json\/wp\/v2\/pages\/18188","targetHints":{"allow":["GET"]}}],"collection":[{"href":"https:\/\/www.derheldenberg.at\/cs\/wp-json\/wp\/v2\/pages"}],"about":[{"href":"https:\/\/www.derheldenberg.at\/cs\/wp-json\/wp\/v2\/types\/page"}],"author":[{"embeddable":true,"href":"https:\/\/www.derheldenberg.at\/cs\/wp-json\/wp\/v2\/users\/6"}],"replies":[{"embeddable":true,"href":"https:\/\/www.derheldenberg.at\/cs\/wp-json\/wp\/v2\/comments?post=18188"}],"version-history":[{"count":1,"href":"https:\/\/www.derheldenberg.at\/cs\/wp-json\/wp\/v2\/pages\/18188\/revisions"}],"predecessor-version":[{"id":18189,"href":"https:\/\/www.derheldenberg.at\/cs\/wp-json\/wp\/v2\/pages\/18188\/revisions\/18189"}],"up":[{"embeddable":true,"href":"https:\/\/www.derheldenberg.at\/cs\/wp-json\/wp\/v2\/pages\/11451"}],"wp:attachment":[{"href":"https:\/\/www.derheldenberg.at\/cs\/wp-json\/wp\/v2\/media?parent=18188"}],"curies":[{"name":"wp","href":"https:\/\/api.w.org\/{rel}","templated":true}]}}