{"id":10249,"date":"2017-12-06T10:53:55","date_gmt":"2017-12-06T08:53:55","guid":{"rendered":"https:\/\/www.derheldenberg.at?page_id=10249"},"modified":"2017-12-13T12:06:46","modified_gmt":"2017-12-13T10:06:46","slug":"imprint","status":"publish","type":"page","link":"https:\/\/www.derheldenberg.at\/en\/imprint\/","title":{"rendered":"Imprint"},"content":{"rendered":"<div class=\"fusion-fullwidth fullwidth-box fusion-builder-row-1 nonhundred-percent-fullwidth non-hundred-percent-height-scrolling\" style=\"--awb-border-radius-top-left:0px;--awb-border-radius-top-right:0px;--awb-border-radius-bottom-right:0px;--awb-border-radius-bottom-left:0px;--awb-margin-bottom:40px;--awb-flex-wrap:wrap;\" ><div class=\"fusion-builder-row fusion-row\"><div class=\"fusion-layout-column fusion_builder_column fusion-builder-column-0 fusion_builder_column_1_1 1_1 fusion-one-full fusion-column-first fusion-column-last\" style=\"--awb-bg-size:cover;--awb-margin-bottom:0px;\"><div class=\"fusion-column-wrapper fusion-flex-column-wrapper-legacy\"><div class=\"fusion-text fusion-text-1\"><h1>IMPRESSUM<\/h1>\n<\/div><div class=\"fusion-text fusion-text-2\"><h2>Heldenberg Vermarktungs- und Betriebsgesellschaft mbH<\/h2>\n<p><strong>Adresse\/Gesch\u00e4ftsanschrift:<\/strong><br \/>\nA-3704 Kleinwetzdorf, Wimpffen-Gasse 5<br \/>\nTelefon: +43 (0) 2956 &#8211; 81240<br \/>\nFax: +43 (0) 2956 &#8211; 81240-20<br \/>\nE-mail: <a href=\"mailto:office@derheldenberg.at\">office@derheldenberg.at<\/a><\/p>\n<p><strong>Gesch\u00e4ftsf\u00fchrung:<\/strong> Hr. Ing. Steinbach Peter<strong><br \/>\nUID-Nummer:<\/strong> ATU 65781077<br \/>\n<strong>Firmenbuchnummer:<\/strong> FN 343289 m<br \/>\n<strong>Firmenbuchgericht:<\/strong> Landesgericht Korneuburg<br \/>\n<strong>Mitglied bei:<\/strong> WKN\u00d6 Sparte Tourismus<\/p>\n<p><strong>Linkverantwortung<\/strong><br \/>\nDie Heldenberg Betriebs- und Vermarktungsges.m.b.H \u00fcbernimmt keine Verantwortung f\u00fcr den Inhalt von verlinkten Websites. F\u00fcr die Inhalte der verlinkten Seiten sind ausschlie\u00dflich die Betreiber verantwortlich.<\/p>\n<p><strong>TKG<\/strong><br \/>\nSofern der\/die Benutzer\/in dieser Seite eine Email-Adresse bekannt gegeben hat, z.B. mit der Zusendung einer Nachricht \u00fcber das Kontaktformular, stimmt er\/sie der Nutzung der e-mail Adresse zur Zusendung von Produkt- oder Firmeninformationen oder sonstigen Informationen zu.<\/p>\n<p><strong>Haftungsausschluss<\/strong><br \/>\nDie Daten und Informationen auf dieser Website wurden umsichtig recherchiert, bleiben jedoch unverbindlich; Fehler k\u00f6nnen jedoch nicht ausgeschlossen werden. Die Heldenberg Vermarktungs- und Betriebsgesellschaft mbH lehnt daher jeglichen Haftungs- oder Schadensersatzanspruch basierend auf inhaltlichen oder funktionalen Fehlern auf dieser Website ab.<\/p>\n<p>1. Inhalt des Onlineangebotes<br \/>\nDie Heldenberg Vermarktungs- und Betriebsgesellschaft mbH, nachfolgend auch als Autor oder Medieninhaber bezeichnet, \u00fcbernimmt keinerlei Gew\u00e4hr f\u00fcr die Aktualit\u00e4t, Korrektheit, Vollst\u00e4ndigkeit oder Qualit\u00e4t der bereitgestellten Informationen. Etwaige Haftungsanspr\u00fcche gegen den Autor, welche sich auf Sch\u00e4den materieller oder ideeller Art beziehen, die durch die Nutzung oder Nichtnutzung der dargebotenen Informationen bzw. durch die Nutzung fehlerhafter und unvollst\u00e4ndiger Informationen verursacht wurden, sind grunds\u00e4tzlich ausgeschlossen, sofern seitens des Medieninhabers kein nachweislich vors\u00e4tzliches oder grob fahrl\u00e4ssiges Verschulden vorliegt. Der Autor beh\u00e4lt es sich ausdr\u00fccklich vor, Teile der Seiten oder das gesamte Angebot ohne gesonderte Ank\u00fcndigung zu ver\u00e4ndern, zu erg\u00e4nzen, zu l\u00f6schen oder die Ver\u00f6ffentlichung zeitweise oder endg\u00fcltig einzustellen.<\/p>\n<p>2. Verweise und Links<br \/>\nBei direkten oder indirekten Verweisen auf fremde Webseiten (Hyperlinks), die au\u00dferhalb des Verantwortungsbereiches des Autors liegen, w\u00fcrde eine Haftungsverpflichtung ausschlie\u00dflich in dem Fall in Kraft treten, in dem der Autor bei Setzung der Hyperlinks von den Inhalten Kenntnis hat und es ihm technisch m\u00f6glich und zumutbar w\u00e4re, die Nutzung im Falle rechtswidriger Inhalte zu verhindern. Der Autor erkl\u00e4rt hiermit ausdr\u00fccklich, dass zum Zeitpunkt der Linksetzung keine illegalen Inhalte auf den zu verlinkenden Seiten erkennbar waren. Auf die aktuelle und zuk\u00fcnftige Gestaltung, die Inhalte oder die Urheberschaft der verlinkten\/verkn\u00fcpften Seiten hat der Autor keinerlei Einfluss. Deshalb distanziert er sich hiermit ausdr\u00fccklich von allen Inhalten aller verlinkten \/verkn\u00fcpften Seiten, die nach der Linksetzung ver\u00e4ndert wurden. Diese Feststellung gilt f\u00fcr alle innerhalb des eigenen Internetangebotes gesetzten Links und Verweise sowie f\u00fcr Fremdeintr\u00e4ge in vom Autor gegebenenfalls eingerichteten G\u00e4steb\u00fcchern, Diskussionsforen, Linkverzeichnissen, Mailinglisten und in allen anderen Formen von Datenbanken, auf deren Inhalt externe Schreibzugriffe m\u00f6glich sind. F\u00fcr illegale, fehlerhafte oder unvollst\u00e4ndige Inhalte und insbesondere f\u00fcr Sch\u00e4den, die aus der Nutzung oder Nichtnutzung solcherart dargebotener Informationen entstehen, haftet allein der Anbieter der Seite, auf welche verwiesen wurde, nicht derjenige, der \u00fcber Links auf die jeweilige Ver\u00f6ffentlichung lediglich verweist.<\/p>\n<p><strong>Urheberrechte<\/strong><br \/>\nDer Autor ist bestrebt, in allen Publikationen die Urheberrechte der verwendeten Bilder, Grafiken, Tondokumente, Videosequenzen und Texte zu beachten bzw. von ihm selbst erstellte Bilder, Grafiken, Tondokumente, Videosequenzen und Texte zu nutzen oder auf lizenzfreie Grafiken, Tondokumente, Videosequenzen und Texte zur\u00fcckzugreifen. S\u00e4mtliche auf dieser Webseite angef\u00fchrten und sowie eventuell durch Dritte gesch\u00fctzte Marken- und Warenzeichen unterliegen uneingeschr\u00e4nkt den Bestimmungen des jeweils g\u00fcltigen Kennzeichenrechts und den Besitzrechten der jeweiligen eingetragenen Eigent\u00fcmer. Allein aufgrund der blo\u00dfen Nennung ist nicht der Schluss zu ziehen, dass Markenzeichen nicht durch Rechte Dritter gesch\u00fctzt sind!<\/p>\n<p><strong>Urheberrechtsvermerk<\/strong><br \/>\nDas Urheberrecht bzw. die Copyrights f\u00fcr das Layout und die Inhalte dieser Site (Texte, Graphiken, Bilder, ev. Audio-\/Videoinhalte, etc.) liegen bei der Heldenberg Vermarktungs- und Betriebsgesellschaft mbH oder von uns beauftragten Unternehmen. Das Kopieren, Nutzen oder Weiterverarbeiten &#8211; in welcher Form auch immer &#8211; ist nicht gestattet und bedarf der vorherigen schriftlichen Zustimmung durch die Heldenberg Vermarktungs- und Betriebsgesellschaft mbH.<\/p>\n<p><strong>Streitbeilegung<\/strong><br \/>\nAngaben zur Online-Streitbeilegung: Verbraucher haben die M\u00f6glichkeit, Beschwerden an die OnlineStreitbeilegungsplattform der EU zu richten:\u00a0<a href=\"https:\/\/webgate.ec.europa.eu\/odr\/main\/index.cfm?event=main.home.show&amp;lng=DE\">https:\/\/ec.europa.eu\/odr<\/a>. Sie k\u00f6nnen allf\u00e4llige Beschwerde auch an die oben angegebene E-Mail-Adresse richten.<\/p>\n<p><strong>Website Gestaltung<\/strong><br \/>\nmobiz Mobile Entertainment Vertriebs GmbH, 1140 Wien<br \/>\nEmail: <a href=\"mailto:office@mobiz.at\">office@mobiz.at<\/a><br \/>\nWeb: <a title=\"bluepepper. mediendesign\" href=\"https:\/\/www.mobiz.at\" target=\"_blank\" rel=\"noopener\">www.mobiz.at<\/a><\/p>\n<\/div><div class=\"fusion-clearfix\"><\/div><\/div><\/div><\/div><\/div>","protected":false},"excerpt":{"rendered":"","protected":false},"author":6,"featured_media":0,"parent":0,"menu_order":170,"comment_status":"closed","ping_status":"closed","template":"100-width.php","meta":{"footnotes":""},"class_list":["post-10249","page","type-page","status-publish","hentry"],"aioseo_notices":[],"_links":{"self":[{"href":"https:\/\/www.derheldenberg.at\/en\/wp-json\/wp\/v2\/pages\/10249","targetHints":{"allow":["GET"]}}],"collection":[{"href":"https:\/\/www.derheldenberg.at\/en\/wp-json\/wp\/v2\/pages"}],"about":[{"href":"https:\/\/www.derheldenberg.at\/en\/wp-json\/wp\/v2\/types\/page"}],"author":[{"embeddable":true,"href":"https:\/\/www.derheldenberg.at\/en\/wp-json\/wp\/v2\/users\/6"}],"replies":[{"embeddable":true,"href":"https:\/\/www.derheldenberg.at\/en\/wp-json\/wp\/v2\/comments?post=10249"}],"version-history":[{"count":0,"href":"https:\/\/www.derheldenberg.at\/en\/wp-json\/wp\/v2\/pages\/10249\/revisions"}],"wp:attachment":[{"href":"https:\/\/www.derheldenberg.at\/en\/wp-json\/wp\/v2\/media?parent=10249"}],"curies":[{"name":"wp","href":"https:\/\/api.w.org\/{rel}","templated":true}]}}