{"id":10526,"date":"2017-12-11T12:33:20","date_gmt":"2017-12-11T10:33:20","guid":{"rendered":"https:\/\/www.derheldenberg.at?page_id=10526"},"modified":"2017-12-13T12:03:30","modified_gmt":"2017-12-13T10:03:30","slug":"data-protection","status":"publish","type":"page","link":"https:\/\/www.derheldenberg.at\/en\/data-protection\/","title":{"rendered":"Data protection"},"content":{"rendered":"<div class=\"fusion-fullwidth fullwidth-box fusion-builder-row-1 nonhundred-percent-fullwidth non-hundred-percent-height-scrolling\" style=\"--awb-border-radius-top-left:0px;--awb-border-radius-top-right:0px;--awb-border-radius-bottom-right:0px;--awb-border-radius-bottom-left:0px;--awb-flex-wrap:wrap;\" ><div class=\"fusion-builder-row fusion-row\"><div class=\"fusion-layout-column fusion_builder_column fusion-builder-column-0 fusion_builder_column_1_1 1_1 fusion-one-full fusion-column-first fusion-column-last\" style=\"--awb-bg-size:cover;--awb-margin-bottom:0px;\"><div class=\"fusion-column-wrapper fusion-flex-column-wrapper-legacy\"><div class=\"fusion-text fusion-text-1\"><h1>DATENSCHUTZ<\/h1>\n<p>Hier finden Sie Hinweise zum Datenschutz und zur Datensicherheit f\u00fcr die Nutzung dieser Website.<\/p>\n<h3>Urheberrechte<\/h3>\n<p>Der Inhalt dieser Website ist urheberrechtlich gesch\u00fctzt. Die Bereitstellung von Inhalten und Bildmaterial dieser Website auf anderen Websites ist nur mit ausdr\u00fccklicher Genehmigung der Redaktion gestattet.<\/p>\n<h3>\u00dcbermittlung von Daten an Dritte<\/h3>\n<p>Sollten wir pers\u00f6nliche Daten von Ihnen erhalten, versichern wir Ihnen, dass diese nicht an Dritte weitergegeben und nach den Bestimmungen des Datenschutzgesetz 2000 (DSG 2000), BGBl. I Nr. 165\/1999 streng vertraulich behandelt werden.<\/p>\n<h3>Einsatz von Cookies<\/h3>\n<p>Auf dieser Website werden sogenannte \u201cCookies\u201d eingesetzt, um die Nutzungsh\u00e4ufigkeit und die Anzahl der Nutzer unserer Website zu ermitteln. Mit diesen Cookies, die Ihr Browser beim Besuch unserer Website auf Ihrer Festplatte ablegt, werden keine personenbezogenen Daten gespeichert. Eine Nutzung unserer Internetpr\u00e4senz ist auch ohne Cookies m\u00f6glich. Die meisten Browser sind so eingestellt, dass sie Cookies automatisch akzeptieren. Sie k\u00f6nnen das Speichern von Cookies jedoch deaktivieren oder Ihren Browser so einstellen, dass er Sie benachrichtigt, sobald Cookies gesendet werden.<\/p>\n<h3>Google Analytics<\/h3>\n<p>Unsere Homepage benutzt Google Analytics, einen Webanalysedienst von Google. Google Analytics verwendet so genannte Cookies (kleine Textdateien), die auf Ihrem Computer gespeichert werden und die eine Analyse der Benutzung der Website durch Sie erm\u00f6glichen. Die durch die Cookie erzeugten Informationen \u00fcber Ihre Benutzung dieser Homepage (einschlie\u00dflich Ihrer IP-Adresse) werden an einen Server von Google in den USA \u00fcbertragen und dort gespeichert. Google wird diese Informationen benutzen, um Ihre Nutzung der Website auszuwerten, um Reports \u00fcber die Websiteaktivit\u00e4ten f\u00fcr die Homepage-Betreiber zusammenzustellen und um weitere mit der Websitenutzung und der Internetnutzung verbundene Dienstleistungen zu erbringen. Auch wird Google diese Informationen gegebenenfalls an Dritte \u00fcbertragen, sofern dieses gesetzlich vorgeschrieben ist oder soweit Dritte diese Daten im Auftrag von Google verarbeiten. Google wird in keinem Fall Ihre IP-Adresse mit anderen Daten von Google in Verbindung bringen. Sie k\u00f6nnen die Installation der Cookies durch eine entsprechende Einstellung in Ihrer Browser-Software verhindern, wir weisen Sie jedoch darauf hin, dass Sie in diesem Fall gegebenenfalls nicht s\u00e4mtliche Funktionen dieser Website in vollem Umfang nutzen k\u00f6nnen. Durch die Nutzung unserer Homepage erkl\u00e4ren Sie sich mit der Bearbeitung, der \u00fcber Sie erhobenen Daten durch Google, in der zuvor beschriebenen Art und Weise und zu dem zuvor benannten Zweck einverstanden.<\/p>\n<div class=\"\">Sie k\u00f6nnen dar\u00fcber hinaus die Erfassung der durch das Cookie erzeugten\u00a0und auf Ihre Nutzung der Website bezogenen Daten (inkl. Ihrer\u00a0IP-Adresse) an Google sowie die\u00a0Verarbeitung dieser Daten durch Google\u00a0verhindern, indem Sie das unter dem folgenden Link\u00a0<b class=\"\"><a class=\"\" href=\"https:\/\/tools.google.com\/dlpage\/gaoptout?hl=de\">https:\/\/tools.google.com\/dlpage\/gaoptout?hl=de<\/a><\/b><\/div>\n<div class=\"\">verf\u00fcgbare Browser-Plugin\u00a0herunterladen und installieren.<br class=\"\" \/>Weitere Informationen finden Sie unter\u00a0<b class=\"\"><a class=\"\" href=\"https:\/\/www.google.com\/intl\/de\/policies\/privacy\/\">https:\/\/www.google.com\/intl\/de\/policies\/privacy\/<\/a>\u00a0\u00a0<\/b>(allgemeine\u00a0Informationen zu Google Analytics und Datenschutz). Wir weisen darauf\u00a0hin, dass\u00a0auf dieser Webseite Google Analytics um den Code\u00a0\u201egat._anonymizeIp();\u201c erweitert wurde, um eine anonymisierte Erfassung\u00a0von IP-Adressen (sog. IP-Masking) zu gew\u00e4hrleisten.<\/div>\n<div class=\"\"><\/div>\n<h3>Links zu anderen Websites<\/h3>\n<p>Links auf fremde Seiten stellen lediglich Wegweiser zu diesen Seiten dar. Sie werden deshalb immer mittels externem Link in einem eigenen Browserfenster dargestellt. Heldenberg Betriebs- und Vermarktungsges.m.b.H identifiziert sich nicht mit den Inhalten der Seiten, auf die verwiesen wird und \u00fcbernimmt daf\u00fcr keine Haftung. Sollte eine der Seiten, auf die verwiesen wird, bedenkliche Inhalte aufweisen, wird um Mitteilung ersucht. In so einem Falle wird der Link sofort gel\u00f6scht.<\/p>\n<h3>Vertraulichkeit des E-Mail-Verkehrs<\/h3>\n<p>Sollten Sie mit uns per E-Mail in Kontakt treten wollen, weisen wir darauf hin, dass die Vertraulichkeit der \u00fcbermittelten Informationen u.U. nicht gew\u00e4hrleistet sein kann. Der Inhalt von E-Mails kann von Dritten eingesehen werden. Wir empfehlen Ihnen daher, uns vertrauliche Informationen ausschlie\u00dflich \u00fcber den Postweg zukommen zu lassen.<\/p>\n<h3>Haftung<\/h3>\n<p>Die auf der Website enthaltenen Angaben werden nach bestem Wissen erstellt und mit gro\u00dfer Sorgfalt auf Ihre Richtigkeit \u00fcberpr\u00fcft. Trotzdem sind inhaltliche und sachliche Fehler nicht vollst\u00e4ndig auszuschlie\u00dfen. Die Heldenberg Betriebs- und Vermarktungsges.m.b.H \u00fcbernimmt deshalb keinerlei Garantie und Haftung f\u00fcr die Richtigkeit, Aktualit\u00e4t und Vollst\u00e4ndigkeit der bereitgestellten Informationen. Alle Angaben sind ohne Gew\u00e4hr. Dies gilt auch f\u00fcr alle Links zu anderen URLs, die auf unserer Website genannt werden.<\/p>\n<h3>Auskunftsm\u00f6glichkeiten<\/h3>\n<p>Gem\u00e4\u00df Telemediengesetz haben Nutzer das Recht, auf Antrag unentgeltlich Auskunft \u00fcber die \u00fcber sie gespeicherten personenbezogenen Daten zu erhalten. Zus\u00e4tzlich haben die Nutzer nach Ma\u00dfgabe der gesetzlichen Bestimmungen auch das Recht auf Berichtigung, Sperrung und L\u00f6schung dieser personenbezogenen Daten. Wenden Sie sich in all diesen F\u00e4llen unmittelbar an uns.<\/p>\n<h3>Copyright<\/h3>\n<p>S\u00e4mtliche Texte, Grafiken und Bilder sind urheberrechtlich gesch\u00fctzt, eine Verwendung ist nur mit ausdr\u00fccklicher Genehmigung zul\u00e4ssig.<\/p>\n<h3>Quellenangaben f\u00fcr die verwendeten Bilder und Grafiken<\/h3>\n<p>Image Bilder: fotolia<\/p>\n<\/div><div class=\"fusion-clearfix\"><\/div><\/div><\/div><\/div><\/div>","protected":false},"excerpt":{"rendered":"","protected":false},"author":6,"featured_media":0,"parent":0,"menu_order":175,"comment_status":"closed","ping_status":"closed","template":"","meta":{"footnotes":""},"class_list":["post-10526","page","type-page","status-publish","hentry"],"aioseo_notices":[],"_links":{"self":[{"href":"https:\/\/www.derheldenberg.at\/en\/wp-json\/wp\/v2\/pages\/10526","targetHints":{"allow":["GET"]}}],"collection":[{"href":"https:\/\/www.derheldenberg.at\/en\/wp-json\/wp\/v2\/pages"}],"about":[{"href":"https:\/\/www.derheldenberg.at\/en\/wp-json\/wp\/v2\/types\/page"}],"author":[{"embeddable":true,"href":"https:\/\/www.derheldenberg.at\/en\/wp-json\/wp\/v2\/users\/6"}],"replies":[{"embeddable":true,"href":"https:\/\/www.derheldenberg.at\/en\/wp-json\/wp\/v2\/comments?post=10526"}],"version-history":[{"count":0,"href":"https:\/\/www.derheldenberg.at\/en\/wp-json\/wp\/v2\/pages\/10526\/revisions"}],"wp:attachment":[{"href":"https:\/\/www.derheldenberg.at\/en\/wp-json\/wp\/v2\/media?parent=10526"}],"curies":[{"name":"wp","href":"https:\/\/api.w.org\/{rel}","templated":true}]}}